{"id":6269,"date":"2021-11-09T14:01:53","date_gmt":"2021-11-09T13:01:53","guid":{"rendered":"https:\/\/the-otherside.eu\/?post_type=product&#038;p=6269"},"modified":"2024-11-21T16:00:12","modified_gmt":"2024-11-21T15:00:12","slug":"chouchou-en-soie-imprimee-peche-blanc-2","status":"publish","type":"product","link":"https:\/\/the-otherside.eu\/eng\/product\/chouchou-en-soie-imprimee-peche-blanc-2\/","title":{"rendered":"Silk Scrunchie \u2013 Peach\/ White print"},"content":{"rendered":"<p>\u25cf Tissu : soie<\/p>\n<p>\u25cf Thread: 100% organic cotton<\/p>\n<p>\u25cf Elastique : r\u00e9cup\u00e9r\u00e9<\/p>\n<p>\u25cf Cousu \u00e0 Bordeaux par Lisa<\/p>\n<p>\u25cf Entretien : Nous recommandons de le laver \u00e0 la main<\/p>\n<p>\u25cf Sent in recycled packaging<\/p>","protected":false},"excerpt":{"rendered":"<p>Lovely scrunchies, soft for the hair and colorful to keep your vibration up!<\/p>\n<p>Each scrunchie is a unique piece or a very limited edition as they are made from scraps of reclaimed fabrics. Some are vintage and have been waiting to be used for decades, others are left over from more recently created garments.<\/p>\n<p>I make them all by hand with \u2665 at my studio in Bordeaux!<\/p>","protected":false},"featured_media":6788,"comment_status":"open","ping_status":"closed","template":"","meta":{"_mi_skip_tracking":false},"product_cat":[531,95],"product_tag":[],"class_list":{"0":"post-6269","1":"product","2":"type-product","3":"status-publish","4":"has-post-thumbnail","5":"hentry","6":"product_cat-chouchous","7":"product_cat-accessoires","9":"catalog-layout-default","10":"columns-xs-1"},"yoast_head":"<!-- This site is optimized with the Yoast SEO plugin v20.6 - https:\/\/yoast.com\/wordpress\/plugins\/seo\/ -->\n<title>Chouchou en soie - Imprim\u00e9 p\u00eache blanc - The Other Side<\/title>\n<meta name=\"description\" content=\"Joli chouchou en soie doux pour les cheveux et color\u00e9s pour garder le moral ! Chaque chouchou est une pi\u00e8ce unique et en s\u00e9rie limit\u00e9e.\" \/>\n<meta name=\"robots\" content=\"index, follow, max-snippet:-1, max-image-preview:large, max-video-preview:-1\" \/>\n<link rel=\"canonical\" href=\"https:\/\/the-otherside.eu\/eng\/product-2\/chouchou-en-soie-imprimee-peche-blanc-2\/\" \/>\n<meta property=\"og:locale\" content=\"en_GB\" \/>\n<meta property=\"og:type\" content=\"article\" \/>\n<meta property=\"og:title\" content=\"Chouchou en soie - Imprim\u00e9 p\u00eache blanc - The Other Side\" \/>\n<meta property=\"og:description\" content=\"Joli chouchou en soie doux pour les cheveux et color\u00e9s pour garder le moral ! Chaque chouchou est une pi\u00e8ce unique et en s\u00e9rie limit\u00e9e.\" \/>\n<meta property=\"og:url\" content=\"https:\/\/the-otherside.eu\/eng\/product-2\/chouchou-en-soie-imprimee-peche-blanc-2\/\" \/>\n<meta property=\"og:site_name\" content=\"The Other Side\" \/>\n<meta property=\"article:modified_time\" content=\"2024-11-21T15:00:12+00:00\" \/>\n<meta property=\"og:image\" content=\"https:\/\/the-otherside.eu\/wp-content\/uploads\/2021\/11\/chouchou-4-2-min.jpg\" \/>\n\t<meta property=\"og:image:width\" content=\"1365\" \/>\n\t<meta property=\"og:image:height\" content=\"2048\" \/>\n\t<meta property=\"og:image:type\" content=\"image\/jpeg\" \/>\n<meta name=\"twitter:card\" content=\"summary_large_image\" \/>\n<meta name=\"twitter:label1\" content=\"Estimated reading time\" \/>\n\t<meta name=\"twitter:data1\" content=\"1 minute\" \/>\n<script type=\"application\/ld+json\" class=\"yoast-schema-graph\">{\"@context\":\"https:\/\/schema.org\",\"@graph\":[{\"@type\":\"WebPage\",\"@id\":\"https:\/\/the-otherside.eu\/eng\/product-2\/chouchou-en-soie-imprimee-peche-blanc-2\/\",\"url\":\"https:\/\/the-otherside.eu\/eng\/product-2\/chouchou-en-soie-imprimee-peche-blanc-2\/\",\"name\":\"Chouchou en soie - Imprim\u00e9 p\u00eache blanc - The Other Side\",\"isPartOf\":{\"@id\":\"https:\/\/the-otherside.eu\/#website\"},\"datePublished\":\"2021-11-09T13:01:53+00:00\",\"dateModified\":\"2024-11-21T15:00:12+00:00\",\"description\":\"Joli chouchou en soie doux pour les cheveux et color\u00e9s pour garder le moral ! Chaque chouchou est une pi\u00e8ce unique et en s\u00e9rie limit\u00e9e.\",\"breadcrumb\":{\"@id\":\"https:\/\/the-otherside.eu\/eng\/product-2\/chouchou-en-soie-imprimee-peche-blanc-2\/#breadcrumb\"},\"inLanguage\":\"en-GB\",\"potentialAction\":[{\"@type\":\"ReadAction\",\"target\":[\"https:\/\/the-otherside.eu\/eng\/product-2\/chouchou-en-soie-imprimee-peche-blanc-2\/\"]}]},{\"@type\":\"BreadcrumbList\",\"@id\":\"https:\/\/the-otherside.eu\/eng\/product-2\/chouchou-en-soie-imprimee-peche-blanc-2\/#breadcrumb\",\"itemListElement\":[{\"@type\":\"ListItem\",\"position\":1,\"name\":\"Accueil\",\"item\":\"https:\/\/the-otherside.eu\/\"},{\"@type\":\"ListItem\",\"position\":2,\"name\":\"Boutique\",\"item\":\"https:\/\/the-otherside.eu\/shop\/\"},{\"@type\":\"ListItem\",\"position\":3,\"name\":\"Chouchou en Soie &#8211; Imprim\u00e9e p\u00eache\/blanc\"}]},{\"@type\":\"WebSite\",\"@id\":\"https:\/\/the-otherside.eu\/#website\",\"url\":\"https:\/\/the-otherside.eu\/\",\"name\":\"The Other Side\",\"description\":\"\",\"publisher\":{\"@id\":\"https:\/\/the-otherside.eu\/#organization\"},\"potentialAction\":[{\"@type\":\"SearchAction\",\"target\":{\"@type\":\"EntryPoint\",\"urlTemplate\":\"https:\/\/the-otherside.eu\/?s={search_term_string}\"},\"query-input\":\"required name=search_term_string\"}],\"inLanguage\":\"en-GB\"},{\"@type\":\"Organization\",\"@id\":\"https:\/\/the-otherside.eu\/#organization\",\"name\":\"The Other Side\",\"url\":\"https:\/\/the-otherside.eu\/\",\"logo\":{\"@type\":\"ImageObject\",\"inLanguage\":\"en-GB\",\"@id\":\"https:\/\/the-otherside.eu\/#\/schema\/logo\/image\/\",\"url\":\"https:\/\/the-otherside.eu\/wp-content\/uploads\/2020\/07\/THE-OTHER-SIDE_with-O-logo.png\",\"contentUrl\":\"https:\/\/the-otherside.eu\/wp-content\/uploads\/2020\/07\/THE-OTHER-SIDE_with-O-logo.png\",\"width\":1920,\"height\":561,\"caption\":\"The Other Side\"},\"image\":{\"@id\":\"https:\/\/the-otherside.eu\/#\/schema\/logo\/image\/\"}}]}<\/script>\n<!-- \/ Yoast SEO plugin. -->","yoast_head_json":{"title":"Chouchou en soie - Imprim\u00e9 p\u00eache blanc - The Other Side","description":"Joli chouchou en soie doux pour les cheveux et color\u00e9s pour garder le moral ! Chaque chouchou est une pi\u00e8ce unique et en s\u00e9rie limit\u00e9e.","robots":{"index":"index","follow":"follow","max-snippet":"max-snippet:-1","max-image-preview":"max-image-preview:large","max-video-preview":"max-video-preview:-1"},"canonical":"https:\/\/the-otherside.eu\/eng\/product-2\/chouchou-en-soie-imprimee-peche-blanc-2\/","og_locale":"en_GB","og_type":"article","og_title":"Chouchou en soie - Imprim\u00e9 p\u00eache blanc - The Other Side","og_description":"Joli chouchou en soie doux pour les cheveux et color\u00e9s pour garder le moral ! Chaque chouchou est une pi\u00e8ce unique et en s\u00e9rie limit\u00e9e.","og_url":"https:\/\/the-otherside.eu\/eng\/product-2\/chouchou-en-soie-imprimee-peche-blanc-2\/","og_site_name":"The Other Side","article_modified_time":"2024-11-21T15:00:12+00:00","og_image":[{"width":1365,"height":2048,"url":"https:\/\/the-otherside.eu\/wp-content\/uploads\/2021\/11\/chouchou-4-2-min.jpg","type":"image\/jpeg"}],"twitter_card":"summary_large_image","twitter_misc":{"Estimated reading time":"1 minute"},"schema":{"@context":"https:\/\/schema.org","@graph":[{"@type":"WebPage","@id":"https:\/\/the-otherside.eu\/eng\/product-2\/chouchou-en-soie-imprimee-peche-blanc-2\/","url":"https:\/\/the-otherside.eu\/eng\/product-2\/chouchou-en-soie-imprimee-peche-blanc-2\/","name":"Chouchou en soie - Imprim\u00e9 p\u00eache blanc - The Other Side","isPartOf":{"@id":"https:\/\/the-otherside.eu\/#website"},"datePublished":"2021-11-09T13:01:53+00:00","dateModified":"2024-11-21T15:00:12+00:00","description":"Joli chouchou en soie doux pour les cheveux et color\u00e9s pour garder le moral ! Chaque chouchou est une pi\u00e8ce unique et en s\u00e9rie limit\u00e9e.","breadcrumb":{"@id":"https:\/\/the-otherside.eu\/eng\/product-2\/chouchou-en-soie-imprimee-peche-blanc-2\/#breadcrumb"},"inLanguage":"en-GB","potentialAction":[{"@type":"ReadAction","target":["https:\/\/the-otherside.eu\/eng\/product-2\/chouchou-en-soie-imprimee-peche-blanc-2\/"]}]},{"@type":"BreadcrumbList","@id":"https:\/\/the-otherside.eu\/eng\/product-2\/chouchou-en-soie-imprimee-peche-blanc-2\/#breadcrumb","itemListElement":[{"@type":"ListItem","position":1,"name":"Accueil","item":"https:\/\/the-otherside.eu\/"},{"@type":"ListItem","position":2,"name":"Boutique","item":"https:\/\/the-otherside.eu\/shop\/"},{"@type":"ListItem","position":3,"name":"Chouchou en Soie &#8211; Imprim\u00e9e p\u00eache\/blanc"}]},{"@type":"WebSite","@id":"https:\/\/the-otherside.eu\/#website","url":"https:\/\/the-otherside.eu\/","name":"The Other Side","description":"","publisher":{"@id":"https:\/\/the-otherside.eu\/#organization"},"potentialAction":[{"@type":"SearchAction","target":{"@type":"EntryPoint","urlTemplate":"https:\/\/the-otherside.eu\/?s={search_term_string}"},"query-input":"required name=search_term_string"}],"inLanguage":"en-GB"},{"@type":"Organization","@id":"https:\/\/the-otherside.eu\/#organization","name":"The Other Side","url":"https:\/\/the-otherside.eu\/","logo":{"@type":"ImageObject","inLanguage":"en-GB","@id":"https:\/\/the-otherside.eu\/#\/schema\/logo\/image\/","url":"https:\/\/the-otherside.eu\/wp-content\/uploads\/2020\/07\/THE-OTHER-SIDE_with-O-logo.png","contentUrl":"https:\/\/the-otherside.eu\/wp-content\/uploads\/2020\/07\/THE-OTHER-SIDE_with-O-logo.png","width":1920,"height":561,"caption":"The Other Side"},"image":{"@id":"https:\/\/the-otherside.eu\/#\/schema\/logo\/image\/"}}]}},"_links":{"self":[{"href":"https:\/\/the-otherside.eu\/eng\/wp-json\/wp\/v3\/product\/6269","targetHints":{"allow":["GET"]}}],"collection":[{"href":"https:\/\/the-otherside.eu\/eng\/wp-json\/wp\/v3\/product"}],"about":[{"href":"https:\/\/the-otherside.eu\/eng\/wp-json\/wp\/v2\/types\/product"}],"replies":[{"embeddable":true,"href":"https:\/\/the-otherside.eu\/eng\/wp-json\/wp\/v2\/comments?post=6269"}],"wp:featuredmedia":[{"embeddable":true,"href":"https:\/\/the-otherside.eu\/eng\/wp-json\/wp\/v2\/media\/6788"}],"wp:attachment":[{"href":"https:\/\/the-otherside.eu\/eng\/wp-json\/wp\/v2\/media?parent=6269"}],"wp:term":[{"taxonomy":"product_cat","embeddable":true,"href":"https:\/\/the-otherside.eu\/eng\/wp-json\/wp\/v2\/product_cat?post=6269"},{"taxonomy":"product_tag","embeddable":true,"href":"https:\/\/the-otherside.eu\/eng\/wp-json\/wp\/v2\/product_tag?post=6269"}],"curies":[{"name":"wp","href":"https:\/\/api.w.org\/{rel}","templated":true}]}}