{"id":3740,"date":"2020-06-26T00:16:55","date_gmt":"2020-06-25T22:16:55","guid":{"rendered":"https:\/\/the-otherside.eu\/?post_type=product&#038;p=3740"},"modified":"2024-11-21T16:01:45","modified_gmt":"2024-11-21T15:01:45","slug":"lingettes-demaquillantes-large","status":"publish","type":"product","link":"https:\/\/the-otherside.eu\/eng\/product\/lingettes-demaquillantes-large\/","title":{"rendered":"Makeup Remover Wipes - Large"},"content":{"rendered":"<p>\u25cf Dimensions : 15 cm x 15 cm<\/p>\n<p>\u25cf Pack of 3<\/p>\n<p>\u25cf Fabric: 100% organic bamboo (OEKO-TEX\u00ae) printed with environmentally friendly inks in Sweden \/ 100% organic bamboo sponge<\/p>\n<p>\u25cf Thread: 100% organic cotton<\/p>\n<p>\u25cf Design using zero waste pens and recycled paper<\/p>\n<p>\u25cf Ethically handmade with care in France<\/p>\n<p>\u25cf We recommend washing by hand at a maximum of 30\u00b0. To keep the colours beautiful, avoid products containing bleach, wash on the reverse side, iron at a low temperature, do not tumble dry and do not dry clean.<\/p>\n<p>\u25cf Sent in recycled packaging<\/p>","protected":false},"excerpt":{"rendered":"<p>Keep your nails and your consciousness clean with our reusable nail polish pads! Single-use cotton pads contribute to the garbage mountain, and unfortunately organic cotton pads don't make a huge difference since they end up in landfill and oceans \u2013 just like their conventional counterparts.<\/p>\n<p>Since cotton also requires huge amounts of water, reducing your single-cotton use is one of the most important parts of living life more from your heart. These nail polish wipes with happy patterns let you change the color of your toenails as often as you wish, while keeping your footprint small!<\/p>","protected":false},"featured_media":5509,"comment_status":"closed","ping_status":"closed","template":"","meta":{"_mi_skip_tracking":false},"product_cat":[95,114],"product_tag":[526],"class_list":{"0":"post-3740","1":"product","2":"type-product","3":"status-publish","4":"has-post-thumbnail","5":"hentry","6":"product_cat-accessoires","7":"product_cat-lingettes","8":"product_tag-wipe","10":"catalog-layout-default","11":"columns-xs-1"},"yoast_head":"<!-- This site is optimized with the Yoast SEO plugin v20.6 - https:\/\/yoast.com\/wordpress\/plugins\/seo\/ -->\n<title>Lingettes d\u00e9maquillantes - Large - The Other Side<\/title>\n<meta name=\"description\" content=\"D\u00e9couvrez nos lingettes d\u00e9maquillantes! Nous rempla\u00e7ons vos cotons classiques pour un mode de vie plus \u00e9co-responsable et z\u00e9ro d\u00e9chet.\" \/>\n<meta name=\"robots\" content=\"index, follow, max-snippet:-1, max-image-preview:large, max-video-preview:-1\" \/>\n<link rel=\"canonical\" href=\"https:\/\/the-otherside.eu\/eng\/product\/lingettes-demaquillantes-large\/\" \/>\n<meta property=\"og:locale\" content=\"en_GB\" \/>\n<meta property=\"og:type\" content=\"article\" \/>\n<meta property=\"og:title\" content=\"Lingettes d\u00e9maquillantes - Large - The Other Side\" \/>\n<meta property=\"og:description\" content=\"D\u00e9couvrez nos lingettes d\u00e9maquillantes! Nous rempla\u00e7ons vos cotons classiques pour un mode de vie plus \u00e9co-responsable et z\u00e9ro d\u00e9chet.\" \/>\n<meta property=\"og:url\" content=\"https:\/\/the-otherside.eu\/eng\/product\/lingettes-demaquillantes-large\/\" \/>\n<meta property=\"og:site_name\" content=\"The Other Side\" \/>\n<meta property=\"article:modified_time\" content=\"2024-11-21T15:01:45+00:00\" \/>\n<meta property=\"og:image\" content=\"https:\/\/the-otherside.eu\/wp-content\/uploads\/2020\/06\/Lingette-L-1-533x800.png\" \/>\n\t<meta property=\"og:image:width\" content=\"533\" \/>\n\t<meta property=\"og:image:height\" content=\"800\" \/>\n\t<meta property=\"og:image:type\" content=\"image\/png\" \/>\n<meta name=\"twitter:card\" content=\"summary_large_image\" \/>\n<meta name=\"twitter:label1\" content=\"Estimated reading time\" \/>\n\t<meta name=\"twitter:data1\" content=\"1 minute\" \/>\n<script type=\"application\/ld+json\" class=\"yoast-schema-graph\">{\"@context\":\"https:\/\/schema.org\",\"@graph\":[{\"@type\":\"WebPage\",\"@id\":\"https:\/\/the-otherside.eu\/produit\/lingettes-demaquillantes-large\/\",\"url\":\"https:\/\/the-otherside.eu\/produit\/lingettes-demaquillantes-large\/\",\"name\":\"Lingettes d\u00e9maquillantes - Large - The Other Side\",\"isPartOf\":{\"@id\":\"https:\/\/the-otherside.eu\/#website\"},\"datePublished\":\"2020-06-25T22:16:55+00:00\",\"dateModified\":\"2024-11-21T15:01:45+00:00\",\"description\":\"D\u00e9couvrez nos lingettes d\u00e9maquillantes! Nous rempla\u00e7ons vos cotons classiques pour un mode de vie plus \u00e9co-responsable et z\u00e9ro d\u00e9chet.\",\"breadcrumb\":{\"@id\":\"https:\/\/the-otherside.eu\/produit\/lingettes-demaquillantes-large\/#breadcrumb\"},\"inLanguage\":\"en-GB\",\"potentialAction\":[{\"@type\":\"ReadAction\",\"target\":[\"https:\/\/the-otherside.eu\/produit\/lingettes-demaquillantes-large\/\"]}]},{\"@type\":\"BreadcrumbList\",\"@id\":\"https:\/\/the-otherside.eu\/produit\/lingettes-demaquillantes-large\/#breadcrumb\",\"itemListElement\":[{\"@type\":\"ListItem\",\"position\":1,\"name\":\"Accueil\",\"item\":\"https:\/\/the-otherside.eu\/\"},{\"@type\":\"ListItem\",\"position\":2,\"name\":\"Boutique\",\"item\":\"https:\/\/the-otherside.eu\/shop\/\"},{\"@type\":\"ListItem\",\"position\":3,\"name\":\"Lingettes d\u00e9maquillantes &#8211; Large\"}]},{\"@type\":\"WebSite\",\"@id\":\"https:\/\/the-otherside.eu\/#website\",\"url\":\"https:\/\/the-otherside.eu\/\",\"name\":\"The Other Side\",\"description\":\"\",\"publisher\":{\"@id\":\"https:\/\/the-otherside.eu\/#organization\"},\"potentialAction\":[{\"@type\":\"SearchAction\",\"target\":{\"@type\":\"EntryPoint\",\"urlTemplate\":\"https:\/\/the-otherside.eu\/?s={search_term_string}\"},\"query-input\":\"required name=search_term_string\"}],\"inLanguage\":\"en-GB\"},{\"@type\":\"Organization\",\"@id\":\"https:\/\/the-otherside.eu\/#organization\",\"name\":\"The Other Side\",\"url\":\"https:\/\/the-otherside.eu\/\",\"logo\":{\"@type\":\"ImageObject\",\"inLanguage\":\"en-GB\",\"@id\":\"https:\/\/the-otherside.eu\/#\/schema\/logo\/image\/\",\"url\":\"https:\/\/the-otherside.eu\/wp-content\/uploads\/2020\/07\/THE-OTHER-SIDE_with-O-logo.png\",\"contentUrl\":\"https:\/\/the-otherside.eu\/wp-content\/uploads\/2020\/07\/THE-OTHER-SIDE_with-O-logo.png\",\"width\":1920,\"height\":561,\"caption\":\"The Other Side\"},\"image\":{\"@id\":\"https:\/\/the-otherside.eu\/#\/schema\/logo\/image\/\"}}]}<\/script>\n<!-- \/ Yoast SEO plugin. -->","yoast_head_json":{"title":"Lingettes d\u00e9maquillantes - Large - The Other Side","description":"D\u00e9couvrez nos lingettes d\u00e9maquillantes! Nous rempla\u00e7ons vos cotons classiques pour un mode de vie plus \u00e9co-responsable et z\u00e9ro d\u00e9chet.","robots":{"index":"index","follow":"follow","max-snippet":"max-snippet:-1","max-image-preview":"max-image-preview:large","max-video-preview":"max-video-preview:-1"},"canonical":"https:\/\/the-otherside.eu\/eng\/product\/lingettes-demaquillantes-large\/","og_locale":"en_GB","og_type":"article","og_title":"Lingettes d\u00e9maquillantes - Large - The Other Side","og_description":"D\u00e9couvrez nos lingettes d\u00e9maquillantes! Nous rempla\u00e7ons vos cotons classiques pour un mode de vie plus \u00e9co-responsable et z\u00e9ro d\u00e9chet.","og_url":"https:\/\/the-otherside.eu\/eng\/product\/lingettes-demaquillantes-large\/","og_site_name":"The Other Side","article_modified_time":"2024-11-21T15:01:45+00:00","og_image":[{"width":533,"height":800,"url":"https:\/\/the-otherside.eu\/wp-content\/uploads\/2020\/06\/Lingette-L-1-533x800.png","type":"image\/png"}],"twitter_card":"summary_large_image","twitter_misc":{"Estimated reading time":"1 minute"},"schema":{"@context":"https:\/\/schema.org","@graph":[{"@type":"WebPage","@id":"https:\/\/the-otherside.eu\/produit\/lingettes-demaquillantes-large\/","url":"https:\/\/the-otherside.eu\/produit\/lingettes-demaquillantes-large\/","name":"Lingettes d\u00e9maquillantes - Large - The Other Side","isPartOf":{"@id":"https:\/\/the-otherside.eu\/#website"},"datePublished":"2020-06-25T22:16:55+00:00","dateModified":"2024-11-21T15:01:45+00:00","description":"D\u00e9couvrez nos lingettes d\u00e9maquillantes! Nous rempla\u00e7ons vos cotons classiques pour un mode de vie plus \u00e9co-responsable et z\u00e9ro d\u00e9chet.","breadcrumb":{"@id":"https:\/\/the-otherside.eu\/produit\/lingettes-demaquillantes-large\/#breadcrumb"},"inLanguage":"en-GB","potentialAction":[{"@type":"ReadAction","target":["https:\/\/the-otherside.eu\/produit\/lingettes-demaquillantes-large\/"]}]},{"@type":"BreadcrumbList","@id":"https:\/\/the-otherside.eu\/produit\/lingettes-demaquillantes-large\/#breadcrumb","itemListElement":[{"@type":"ListItem","position":1,"name":"Accueil","item":"https:\/\/the-otherside.eu\/"},{"@type":"ListItem","position":2,"name":"Boutique","item":"https:\/\/the-otherside.eu\/shop\/"},{"@type":"ListItem","position":3,"name":"Lingettes d\u00e9maquillantes &#8211; Large"}]},{"@type":"WebSite","@id":"https:\/\/the-otherside.eu\/#website","url":"https:\/\/the-otherside.eu\/","name":"The Other Side","description":"","publisher":{"@id":"https:\/\/the-otherside.eu\/#organization"},"potentialAction":[{"@type":"SearchAction","target":{"@type":"EntryPoint","urlTemplate":"https:\/\/the-otherside.eu\/?s={search_term_string}"},"query-input":"required name=search_term_string"}],"inLanguage":"en-GB"},{"@type":"Organization","@id":"https:\/\/the-otherside.eu\/#organization","name":"The Other Side","url":"https:\/\/the-otherside.eu\/","logo":{"@type":"ImageObject","inLanguage":"en-GB","@id":"https:\/\/the-otherside.eu\/#\/schema\/logo\/image\/","url":"https:\/\/the-otherside.eu\/wp-content\/uploads\/2020\/07\/THE-OTHER-SIDE_with-O-logo.png","contentUrl":"https:\/\/the-otherside.eu\/wp-content\/uploads\/2020\/07\/THE-OTHER-SIDE_with-O-logo.png","width":1920,"height":561,"caption":"The Other Side"},"image":{"@id":"https:\/\/the-otherside.eu\/#\/schema\/logo\/image\/"}}]}},"_links":{"self":[{"href":"https:\/\/the-otherside.eu\/eng\/wp-json\/wp\/v3\/product\/3740","targetHints":{"allow":["GET"]}}],"collection":[{"href":"https:\/\/the-otherside.eu\/eng\/wp-json\/wp\/v3\/product"}],"about":[{"href":"https:\/\/the-otherside.eu\/eng\/wp-json\/wp\/v2\/types\/product"}],"replies":[{"embeddable":true,"href":"https:\/\/the-otherside.eu\/eng\/wp-json\/wp\/v2\/comments?post=3740"}],"wp:featuredmedia":[{"embeddable":true,"href":"https:\/\/the-otherside.eu\/eng\/wp-json\/wp\/v2\/media\/5509"}],"wp:attachment":[{"href":"https:\/\/the-otherside.eu\/eng\/wp-json\/wp\/v2\/media?parent=3740"}],"wp:term":[{"taxonomy":"product_cat","embeddable":true,"href":"https:\/\/the-otherside.eu\/eng\/wp-json\/wp\/v2\/product_cat?post=3740"},{"taxonomy":"product_tag","embeddable":true,"href":"https:\/\/the-otherside.eu\/eng\/wp-json\/wp\/v2\/product_tag?post=3740"}],"curies":[{"name":"wp","href":"https:\/\/api.w.org\/{rel}","templated":true}]}}