{"id":3668,"date":"2020-06-25T23:30:46","date_gmt":"2020-06-25T21:30:46","guid":{"rendered":"https:\/\/the-otherside.eu\/?post_type=product&#038;p=3668"},"modified":"2024-11-21T16:03:53","modified_gmt":"2024-11-21T15:03:53","slug":"trousse-a-maquillage-cosmos-chaos","status":"publish","type":"product","link":"https:\/\/the-otherside.eu\/eng\/product\/trousse-a-maquillage-cosmos-chaos\/","title":{"rendered":"Makeup case - Cosmos Chaos"},"content":{"rendered":"<p>\u25cf Dimensions : 23 cm x 13 cm x 9 cm<\/p>\n<p>\u25cf Fabric: 100% organic cotton canvas (GOTS) printed with eco-friendly inks in Sweden<\/p>\n<p>\u25cf Thread: 100% organic cotton<\/p>\n<p>\u25cf Design created with zero waste markers and pencils and recycled paper<\/p>\n<p>\u25cf Ethically handmade with care in France<\/p>\n<p>\u25cf We recommend washing by hand at a maximum of 30\u00b0. To keep the colours beautiful, avoid products containing bleach, wash on the reverse side, iron at a low temperature, do not tumble dry and do not dry clean.<\/p>\n<p>\u25cf Sent in recycled packaging<\/p>","protected":false},"excerpt":{"rendered":"<p>Dis bonjour \u00e0 ta nouvelle trousse de maquillage pr\u00e9f\u00e9r\u00e9e ! Ce mod\u00e8le onirique \u00ab Cosmos Chaos \u00bb t\u2019emm\u00e8nera voyager vers des galaxies lointaines. Elle peut aussi \u00eatre utilis\u00e9e \u00e0 la place de sacs en plastique \u00e0 utilisation unique (nocifs pour l\u2019environnement) par exemple lorsque tu ach\u00e8tes des fruits et l\u00e9gumes, ou comme pochette cadeau ou pour transporter tes cristaux avec toi. Mati\u00e8re : coton 100% biologique imprim\u00e9 avec des encres \u00e0 base d\u2019eau.<\/p>","protected":false},"featured_media":5521,"comment_status":"closed","ping_status":"closed","template":"","meta":{"_mi_skip_tracking":false},"product_cat":[95,101],"product_tag":[126,125],"class_list":{"0":"post-3668","1":"product","2":"type-product","3":"status-publish","4":"has-post-thumbnail","5":"hentry","6":"product_cat-accessoires","7":"product_cat-etuis-pochettes","8":"product_tag-gift-wrap","9":"product_tag-makeup-case","11":"catalog-layout-default","12":"columns-xs-1"},"yoast_head":"<!-- This site is optimized with the Yoast SEO plugin v20.6 - https:\/\/yoast.com\/wordpress\/plugins\/seo\/ -->\n<title>Trousse \u00e0 maquillage \u2013 Cosmos Chaos - The Other Side<\/title>\n<meta name=\"description\" content=\"La trousse The Other Side et son design inspir\u00e9 par l&#039;art du furoshiki vous permet de transporter facilement votre maquillage.\" \/>\n<meta name=\"robots\" content=\"index, follow, max-snippet:-1, max-image-preview:large, max-video-preview:-1\" \/>\n<link rel=\"canonical\" href=\"https:\/\/the-otherside.eu\/eng\/product-2\/trousse-a-maquillage-cosmos-chaos\/\" \/>\n<meta property=\"og:locale\" content=\"en_GB\" \/>\n<meta property=\"og:type\" content=\"article\" \/>\n<meta property=\"og:title\" content=\"Trousse \u00e0 maquillage \u2013 Cosmos Chaos - The Other Side\" \/>\n<meta property=\"og:description\" content=\"La trousse The Other Side et son design inspir\u00e9 par l&#039;art du furoshiki vous permet de transporter facilement votre maquillage.\" \/>\n<meta property=\"og:url\" content=\"https:\/\/the-otherside.eu\/eng\/product-2\/trousse-a-maquillage-cosmos-chaos\/\" \/>\n<meta property=\"og:site_name\" content=\"The Other Side\" \/>\n<meta property=\"article:modified_time\" content=\"2024-11-21T15:03:53+00:00\" \/>\n<meta property=\"og:image\" content=\"https:\/\/the-otherside.eu\/wp-content\/uploads\/2020\/06\/1024-1536-3.png\" \/>\n\t<meta property=\"og:image:width\" content=\"1024\" \/>\n\t<meta property=\"og:image:height\" content=\"1536\" \/>\n\t<meta property=\"og:image:type\" content=\"image\/png\" \/>\n<meta name=\"twitter:card\" content=\"summary_large_image\" \/>\n<meta name=\"twitter:label1\" content=\"Estimated reading time\" \/>\n\t<meta name=\"twitter:data1\" content=\"1 minute\" \/>\n<script type=\"application\/ld+json\" class=\"yoast-schema-graph\">{\"@context\":\"https:\/\/schema.org\",\"@graph\":[{\"@type\":\"WebPage\",\"@id\":\"https:\/\/the-otherside.eu\/eng\/product-2\/trousse-a-maquillage-cosmos-chaos\/\",\"url\":\"https:\/\/the-otherside.eu\/eng\/product-2\/trousse-a-maquillage-cosmos-chaos\/\",\"name\":\"Trousse \u00e0 maquillage \u2013 Cosmos Chaos - The Other Side\",\"isPartOf\":{\"@id\":\"https:\/\/the-otherside.eu\/#website\"},\"datePublished\":\"2020-06-25T21:30:46+00:00\",\"dateModified\":\"2024-11-21T15:03:53+00:00\",\"description\":\"La trousse The Other Side et son design inspir\u00e9 par l'art du furoshiki vous permet de transporter facilement votre maquillage.\",\"breadcrumb\":{\"@id\":\"https:\/\/the-otherside.eu\/eng\/product-2\/trousse-a-maquillage-cosmos-chaos\/#breadcrumb\"},\"inLanguage\":\"en-GB\",\"potentialAction\":[{\"@type\":\"ReadAction\",\"target\":[\"https:\/\/the-otherside.eu\/eng\/product-2\/trousse-a-maquillage-cosmos-chaos\/\"]}]},{\"@type\":\"BreadcrumbList\",\"@id\":\"https:\/\/the-otherside.eu\/eng\/product-2\/trousse-a-maquillage-cosmos-chaos\/#breadcrumb\",\"itemListElement\":[{\"@type\":\"ListItem\",\"position\":1,\"name\":\"Accueil\",\"item\":\"https:\/\/the-otherside.eu\/\"},{\"@type\":\"ListItem\",\"position\":2,\"name\":\"Boutique\",\"item\":\"https:\/\/the-otherside.eu\/shop\/\"},{\"@type\":\"ListItem\",\"position\":3,\"name\":\"Trousse \u00e0 maquillage \u2013 Cosmos Chaos\"}]},{\"@type\":\"WebSite\",\"@id\":\"https:\/\/the-otherside.eu\/#website\",\"url\":\"https:\/\/the-otherside.eu\/\",\"name\":\"The Other Side\",\"description\":\"\",\"publisher\":{\"@id\":\"https:\/\/the-otherside.eu\/#organization\"},\"potentialAction\":[{\"@type\":\"SearchAction\",\"target\":{\"@type\":\"EntryPoint\",\"urlTemplate\":\"https:\/\/the-otherside.eu\/?s={search_term_string}\"},\"query-input\":\"required name=search_term_string\"}],\"inLanguage\":\"en-GB\"},{\"@type\":\"Organization\",\"@id\":\"https:\/\/the-otherside.eu\/#organization\",\"name\":\"The Other Side\",\"url\":\"https:\/\/the-otherside.eu\/\",\"logo\":{\"@type\":\"ImageObject\",\"inLanguage\":\"en-GB\",\"@id\":\"https:\/\/the-otherside.eu\/#\/schema\/logo\/image\/\",\"url\":\"https:\/\/the-otherside.eu\/wp-content\/uploads\/2020\/07\/THE-OTHER-SIDE_with-O-logo.png\",\"contentUrl\":\"https:\/\/the-otherside.eu\/wp-content\/uploads\/2020\/07\/THE-OTHER-SIDE_with-O-logo.png\",\"width\":1920,\"height\":561,\"caption\":\"The Other Side\"},\"image\":{\"@id\":\"https:\/\/the-otherside.eu\/#\/schema\/logo\/image\/\"}}]}<\/script>\n<!-- \/ Yoast SEO plugin. -->","yoast_head_json":{"title":"Trousse \u00e0 maquillage \u2013 Cosmos Chaos - The Other Side","description":"La trousse The Other Side et son design inspir\u00e9 par l'art du furoshiki vous permet de transporter facilement votre maquillage.","robots":{"index":"index","follow":"follow","max-snippet":"max-snippet:-1","max-image-preview":"max-image-preview:large","max-video-preview":"max-video-preview:-1"},"canonical":"https:\/\/the-otherside.eu\/eng\/product-2\/trousse-a-maquillage-cosmos-chaos\/","og_locale":"en_GB","og_type":"article","og_title":"Trousse \u00e0 maquillage \u2013 Cosmos Chaos - The Other Side","og_description":"La trousse The Other Side et son design inspir\u00e9 par l'art du furoshiki vous permet de transporter facilement votre maquillage.","og_url":"https:\/\/the-otherside.eu\/eng\/product-2\/trousse-a-maquillage-cosmos-chaos\/","og_site_name":"The Other Side","article_modified_time":"2024-11-21T15:03:53+00:00","og_image":[{"width":1024,"height":1536,"url":"https:\/\/the-otherside.eu\/wp-content\/uploads\/2020\/06\/1024-1536-3.png","type":"image\/png"}],"twitter_card":"summary_large_image","twitter_misc":{"Estimated reading time":"1 minute"},"schema":{"@context":"https:\/\/schema.org","@graph":[{"@type":"WebPage","@id":"https:\/\/the-otherside.eu\/eng\/product-2\/trousse-a-maquillage-cosmos-chaos\/","url":"https:\/\/the-otherside.eu\/eng\/product-2\/trousse-a-maquillage-cosmos-chaos\/","name":"Trousse \u00e0 maquillage \u2013 Cosmos Chaos - The Other Side","isPartOf":{"@id":"https:\/\/the-otherside.eu\/#website"},"datePublished":"2020-06-25T21:30:46+00:00","dateModified":"2024-11-21T15:03:53+00:00","description":"La trousse The Other Side et son design inspir\u00e9 par l'art du furoshiki vous permet de transporter facilement votre maquillage.","breadcrumb":{"@id":"https:\/\/the-otherside.eu\/eng\/product-2\/trousse-a-maquillage-cosmos-chaos\/#breadcrumb"},"inLanguage":"en-GB","potentialAction":[{"@type":"ReadAction","target":["https:\/\/the-otherside.eu\/eng\/product-2\/trousse-a-maquillage-cosmos-chaos\/"]}]},{"@type":"BreadcrumbList","@id":"https:\/\/the-otherside.eu\/eng\/product-2\/trousse-a-maquillage-cosmos-chaos\/#breadcrumb","itemListElement":[{"@type":"ListItem","position":1,"name":"Accueil","item":"https:\/\/the-otherside.eu\/"},{"@type":"ListItem","position":2,"name":"Boutique","item":"https:\/\/the-otherside.eu\/shop\/"},{"@type":"ListItem","position":3,"name":"Trousse \u00e0 maquillage \u2013 Cosmos Chaos"}]},{"@type":"WebSite","@id":"https:\/\/the-otherside.eu\/#website","url":"https:\/\/the-otherside.eu\/","name":"The Other Side","description":"","publisher":{"@id":"https:\/\/the-otherside.eu\/#organization"},"potentialAction":[{"@type":"SearchAction","target":{"@type":"EntryPoint","urlTemplate":"https:\/\/the-otherside.eu\/?s={search_term_string}"},"query-input":"required name=search_term_string"}],"inLanguage":"en-GB"},{"@type":"Organization","@id":"https:\/\/the-otherside.eu\/#organization","name":"The Other Side","url":"https:\/\/the-otherside.eu\/","logo":{"@type":"ImageObject","inLanguage":"en-GB","@id":"https:\/\/the-otherside.eu\/#\/schema\/logo\/image\/","url":"https:\/\/the-otherside.eu\/wp-content\/uploads\/2020\/07\/THE-OTHER-SIDE_with-O-logo.png","contentUrl":"https:\/\/the-otherside.eu\/wp-content\/uploads\/2020\/07\/THE-OTHER-SIDE_with-O-logo.png","width":1920,"height":561,"caption":"The Other Side"},"image":{"@id":"https:\/\/the-otherside.eu\/#\/schema\/logo\/image\/"}}]}},"_links":{"self":[{"href":"https:\/\/the-otherside.eu\/eng\/wp-json\/wp\/v3\/product\/3668","targetHints":{"allow":["GET"]}}],"collection":[{"href":"https:\/\/the-otherside.eu\/eng\/wp-json\/wp\/v3\/product"}],"about":[{"href":"https:\/\/the-otherside.eu\/eng\/wp-json\/wp\/v2\/types\/product"}],"replies":[{"embeddable":true,"href":"https:\/\/the-otherside.eu\/eng\/wp-json\/wp\/v2\/comments?post=3668"}],"wp:featuredmedia":[{"embeddable":true,"href":"https:\/\/the-otherside.eu\/eng\/wp-json\/wp\/v2\/media\/5521"}],"wp:attachment":[{"href":"https:\/\/the-otherside.eu\/eng\/wp-json\/wp\/v2\/media?parent=3668"}],"wp:term":[{"taxonomy":"product_cat","embeddable":true,"href":"https:\/\/the-otherside.eu\/eng\/wp-json\/wp\/v2\/product_cat?post=3668"},{"taxonomy":"product_tag","embeddable":true,"href":"https:\/\/the-otherside.eu\/eng\/wp-json\/wp\/v2\/product_tag?post=3668"}],"curies":[{"name":"wp","href":"https:\/\/api.w.org\/{rel}","templated":true}]}}