{"id":6106,"date":"2021-10-27T15:13:44","date_gmt":"2021-10-27T13:13:44","guid":{"rendered":"https:\/\/the-otherside.eu\/?page_id=6106"},"modified":"2021-10-27T15:38:28","modified_gmt":"2021-10-27T13:38:28","slug":"lifestyle","status":"publish","type":"page","link":"https:\/\/the-otherside.eu\/eng\/lifestyle\/","title":{"rendered":"Lifestyle"},"content":{"rendered":"<div class=\"vc-row-container container\"><div class=\"vc_row wpb_row vc_row-fluid\"><div class=\"wpb_column vc_column_container vc_col-sm-12\"><div class=\"vc_column-inner\"><div class=\"wpb_wrapper\">\n\t\t\t<!-- START Lifestyle REVOLUTION SLIDER 6.5.11 --><p class=\"rs-p-wp-fix\"><\/p>\n\t\t\t<rs-module-wrap id=\"rev_slider_48_1_wrapper\" data-source=\"gallery\" style=\"visibility:hidden;background:transparent;padding:0;margin:0px auto;margin-top:0;margin-bottom:0;\">\n\t\t\t\t<rs-module id=\"rev_slider_48_1\" style=\"\" data-version=\"6.5.11\">\n\t\t\t\t\t<rs-slides>\n\t\t\t\t\t\t<rs-slide style=\"position: absolute;\" data-key=\"rs-48\" data-title=\"Slide\" data-in=\"o:0;\" data-out=\"a:false;\">\n\t\t\t\t\t\t\t<img decoding=\"async\" src=\"\/\/the-otherside.eu\/wp-content\/plugins\/revslider\/public\/assets\/assets\/dummy.png\" alt=\"Slide\" title=\"Lifestyle\" class=\"rev-slidebg tp-rs-img rs-lazyload\" data-lazyload=\"\/\/the-otherside.eu\/wp-content\/plugins\/revslider\/public\/assets\/assets\/transparent.png\" data-no-retina>\n<!--\n\t\t\t\t\t\t\t--><rs-group\n\t\t\t\t\t\t\t\tid=\"slider-48-slide-48-layer-7\" \n\t\t\t\t\t\t\t\tdata-type=\"group\"\n\t\t\t\t\t\t\t\tdata-rsp_ch=\"on\"\n\t\t\t\t\t\t\t\tdata-xy=\"x:c;\"\n\t\t\t\t\t\t\t\tdata-text=\"w:normal;s:20,20,20,4;l:0,0,0,6;\"\n\t\t\t\t\t\t\t\tdata-dim=\"w:2560px,2560px,2560px,480px;h:1080px,1080px,1080px,300px;\"\n\t\t\t\t\t\t\t\tdata-frame_0=\"o:1;\"\n\t\t\t\t\t\t\t\tdata-frame_999=\"o:0;st:w;sA:9000;\"\n\t\t\t\t\t\t\t\tstyle=\"z-index:8;\"\n\t\t\t\t\t\t\t><rs-bg-elem style=\"background: url('\/\/the-otherside.eu\/wp-content\/plugins\/revslider\/public\/assets\/assets\/dummy.png') no-repeat center bottom; background-size: cover;\" data-bglazy=\"\/\/the-otherside.eu\/wp-content\/uploads\/2021\/07\/Page-blog_photo-1.jpg\"><\/rs-bg-elem>\n<!--\t\t\t\t\t\t\t--><\/rs-group><!--\n\n\t\t\t\t\t\t\t--><rs-group\n\t\t\t\t\t\t\t\tid=\"slider-48-slide-48-layer-21\" \n\t\t\t\t\t\t\t\tdata-type=\"group\"\n\t\t\t\t\t\t\t\tdata-rsp_ch=\"on\"\n\t\t\t\t\t\t\t\tdata-xy=\"x:l,l,l,c;xo:35px,35px,35px,0;yo:1299px,1299px,1299px,350px;\"\n\t\t\t\t\t\t\t\tdata-text=\"w:normal;s:20,20,20,4;l:0,0,0,6;\"\n\t\t\t\t\t\t\t\tdata-dim=\"w:1041px,1041px,1041px,700px;h:860px,860px,860px,479px;\"\n\t\t\t\t\t\t\t\tdata-actions='o:click;a:simplelink;target:_self;url:https:\/\/the-otherside.eu\/industrie-de-la-mode\/;'\n\t\t\t\t\t\t\t\tdata-frame_0=\"o:1;\"\n\t\t\t\t\t\t\t\tdata-frame_999=\"o:0;st:w;sA:9000;\"\n\t\t\t\t\t\t\t\tstyle=\"z-index:24;\"\n\t\t\t\t\t\t\t><rs-bg-elem style=\"background: url('\/\/the-otherside.eu\/wp-content\/plugins\/revslider\/public\/assets\/assets\/dummy.png') no-repeat center center; background-size: cover;\" data-bglazy=\"\/\/the-otherside.eu\/wp-content\/uploads\/2021\/07\/photo-1.png\"><\/rs-bg-elem>\n<!--\t\t\t\t\t\t\t--><\/rs-group><!--\n\n\t\t\t\t\t\t\t--><rs-layer\n\t\t\t\t\t\t\t\tid=\"slider-48-slide-48-layer-0\" \n\t\t\t\t\t\t\t\tclass=\"gros-titre\"\n\t\t\t\t\t\t\t\tdata-type=\"text\"\n\t\t\t\t\t\t\t\tdata-rsp_ch=\"on\"\n\t\t\t\t\t\t\t\tdata-xy=\"x:l,l,l,c;xo:164px,164px,164px,0;yo:641px,641px,641px,100px;\"\n\t\t\t\t\t\t\t\tdata-text=\"w:normal;s:300,300,300,81;l:438,438,438,81;\"\n\t\t\t\t\t\t\t\tdata-frame_999=\"o:0;st:w;\"\n\t\t\t\t\t\t\t\tstyle=\"z-index:9;font-family:'rockness';\"\n\t\t\t\t\t\t\t>Blog \n\t\t\t\t\t\t\t<\/rs-layer><!--\n\n\t\t\t\t\t\t\t--><a\n\t\t\t\t\t\t\t\tid=\"slider-48-slide-48-layer-2\" \n\t\t\t\t\t\t\t\tclass=\"rs-layer\"\n\t\t\t\t\t\t\t\thref=\"https:\/\/the-otherside.eu\/eng\/style\/\" target=\"_self\"\n\t\t\t\t\t\t\t\tdata-type=\"text\"\n\t\t\t\t\t\t\t\tdata-rsp_ch=\"on\"\n\t\t\t\t\t\t\t\tdata-xy=\"xo:1231px,1231px,1231px,26px;yo:924px,924px,924px,269px;\"\n\t\t\t\t\t\t\t\tdata-text=\"w:normal;s:45,45,45,18;l:54,54,54,19;a:center;\"\n\t\t\t\t\t\t\t\tdata-frame_999=\"o:0;st:w;\"\n\t\t\t\t\t\t\t\tstyle=\"z-index:13;font-family:'Roboto';\"\n\t\t\t\t\t\t\t>STYLE \n\t\t\t\t\t\t\t<\/a><!--\n\n\t\t\t\t\t\t\t--><h3\n\t\t\t\t\t\t\t\tid=\"slider-48-slide-48-layer-3\" \n\t\t\t\t\t\t\t\tclass=\"rs-layer weightlight\"\n\t\t\t\t\t\t\t\tdata-type=\"text\"\n\t\t\t\t\t\t\t\tdata-rsp_ch=\"on\"\n\t\t\t\t\t\t\t\tdata-xy=\"xo:1477px,1477px,1477px,103px;yo:922px,922px,922px,269px;\"\n\t\t\t\t\t\t\t\tdata-text=\"w:normal;s:45,45,45,18;l:54,54,54,19;a:center;\"\n\t\t\t\t\t\t\t\tdata-frame_999=\"o:0;st:w;\"\n\t\t\t\t\t\t\t\tstyle=\"z-index:12;font-family:'Roboto';\"\n\t\t\t\t\t\t\t>WELL-BEING \n\t\t\t\t\t\t\t<\/h3><!--\n\n\t\t\t\t\t\t\t--><a\n\t\t\t\t\t\t\t\tid=\"slider-48-slide-48-layer-4\" \n\t\t\t\t\t\t\t\tclass=\"rs-layer\"\n\t\t\t\t\t\t\t\thref=\"https:\/\/the-otherside.eu\/eng\/environnement\/\" target=\"_self\"\n\t\t\t\t\t\t\t\tdata-type=\"text\"\n\t\t\t\t\t\t\t\tdata-rsp_ch=\"on\"\n\t\t\t\t\t\t\t\tdata-xy=\"xo:1808px,1808px,1808px,211px;yo:922px,922px,922px,269px;\"\n\t\t\t\t\t\t\t\tdata-text=\"w:normal;s:45,45,45,18;l:54,54,54,19;a:center;\"\n\t\t\t\t\t\t\t\tdata-frame_999=\"o:0;st:w;\"\n\t\t\t\t\t\t\t\tstyle=\"z-index:11;font-family:'Roboto';\"\n\t\t\t\t\t\t\t>ENVIRONMENT \n\t\t\t\t\t\t\t<\/a><!--\n\n\t\t\t\t\t\t\t--><h3\n\t\t\t\t\t\t\t\tid=\"slider-48-slide-48-layer-5\" \n\t\t\t\t\t\t\t\tclass=\"rs-layer weightlight\"\n\t\t\t\t\t\t\t\tdata-type=\"text\"\n\t\t\t\t\t\t\t\tdata-rsp_ch=\"on\"\n\t\t\t\t\t\t\t\tdata-xy=\"xo:2294px,2294px,2294px,376px;yo:922px,922px,922px,269px;\"\n\t\t\t\t\t\t\t\tdata-text=\"w:normal;s:45,45,45,18;l:54,54,54,19;a:center;\"\n\t\t\t\t\t\t\t\tdata-frame_999=\"o:0;st:w;\"\n\t\t\t\t\t\t\t\tstyle=\"z-index:10;font-family:'Roboto';\"\n\t\t\t\t\t\t\t>LIFESTYLE \n\t\t\t\t\t\t\t<\/h3><!--\n\n\t\t\t\t\t\t\t--><rs-layer\n\t\t\t\t\t\t\t\tid=\"slider-48-slide-48-layer-8\" \n\t\t\t\t\t\t\t\tdata-type=\"shape\"\n\t\t\t\t\t\t\t\tdata-bsh=\"c:rgba(0,0,0,0.05);h:12px,12px,12px,1px;v:12px,12px,12px,1px;b:24px,24px,24px,3px;\"\n\t\t\t\t\t\t\t\tdata-rsp_ch=\"on\"\n\t\t\t\t\t\t\t\tdata-xy=\"xo:1076px,1076px,1076px,-1px;yo:1299px,1299px,1299px,823px;\"\n\t\t\t\t\t\t\t\tdata-text=\"w:normal;s:20,20,20,4;l:0,0,0,6;\"\n\t\t\t\t\t\t\t\tdata-dim=\"w:1451px,1451px,1451px,874px;h:741px,741px,741px,360px;\"\n\t\t\t\t\t\t\t\tdata-vbility=\"t,t,f,f\"\n\t\t\t\t\t\t\t\tdata-basealign=\"slide\"\n\t\t\t\t\t\t\t\tdata-frame_999=\"o:0;st:w;\"\n\t\t\t\t\t\t\t\tstyle=\"z-index:15;background-color:#ffffff;\"\n\t\t\t\t\t\t\t> \n\t\t\t\t\t\t\t<\/rs-layer><!--\n\n\t\t\t\t\t\t\t--><h3\n\t\t\t\t\t\t\t\tid=\"slider-48-slide-48-layer-9\" \n\t\t\t\t\t\t\t\tclass=\"rs-layer\"\n\t\t\t\t\t\t\t\tdata-type=\"text\"\n\t\t\t\t\t\t\t\tdata-color=\"#000000\"\n\t\t\t\t\t\t\t\tdata-rsp_ch=\"on\"\n\t\t\t\t\t\t\t\tdata-xy=\"xo:1150px,1150px,1150px,24px;yo:1490px,1490px,1490px,895px;\"\n\t\t\t\t\t\t\t\tdata-text=\"w:normal;s:32,32,32,16;l:25,25,25,12;fw:300;\"\n\t\t\t\t\t\t\t\tdata-dim=\"w:auto,auto,auto,150px;\"\n\t\t\t\t\t\t\t\tdata-frame_999=\"o:0;st:w;\"\n\t\t\t\t\t\t\t\tstyle=\"z-index:17;font-family:'Roboto';\"\n\t\t\t\t\t\t\t>Planet, Fashion<br \/>\n \n\t\t\t\t\t\t\t<\/h3><!--\n\n\t\t\t\t\t\t\t--><h2\n\t\t\t\t\t\t\t\tid=\"slider-48-slide-48-layer-10\" \n\t\t\t\t\t\t\t\tclass=\"rs-layer encore-un-titre\"\n\t\t\t\t\t\t\t\tdata-type=\"text\"\n\t\t\t\t\t\t\t\tdata-color=\"#000000\"\n\t\t\t\t\t\t\t\tdata-rsp_ch=\"on\"\n\t\t\t\t\t\t\t\tdata-xy=\"xo:1159px,1159px,1159px,24px;yo:1324px,1324px,1324px,836px;\"\n\t\t\t\t\t\t\t\tdata-text=\"w:normal;s:110,110,110,36;l:161,161,161,53;\"\n\t\t\t\t\t\t\t\tdata-frame_0=\"x:0,0,0,0px;y:0,0,0,0px;\"\n\t\t\t\t\t\t\t\tdata-frame_1=\"x:0,0,0,0px;y:0,0,0,0px;\"\n\t\t\t\t\t\t\t\tdata-frame_999=\"o:0;st:w;\"\n\t\t\t\t\t\t\t\tstyle=\"z-index:26;font-family:'rockness';\"\n\t\t\t\t\t\t\t>Sustainable fashion \n\t\t\t\t\t\t\t<\/h2><!--\n\n\t\t\t\t\t\t\t--><h4\n\t\t\t\t\t\t\t\tid=\"slider-48-slide-48-layer-11\" \n\t\t\t\t\t\t\t\tclass=\"rs-layer\"\n\t\t\t\t\t\t\t\tdata-type=\"text\"\n\t\t\t\t\t\t\t\tdata-color=\"#000000\"\n\t\t\t\t\t\t\t\tdata-rsp_ch=\"on\"\n\t\t\t\t\t\t\t\tdata-xy=\"xo:1150px,1150px,1150px,24px;yo:1540px,1540px,1540px,920px;\"\n\t\t\t\t\t\t\t\tdata-text=\"w:normal;s:30,30,30,16;l:25,25,25,12;fw:100;\"\n\t\t\t\t\t\t\t\tdata-frame_999=\"o:0;st:w;\"\n\t\t\t\t\t\t\t\tstyle=\"z-index:21;font-family:'Roboto';\"\n\t\t\t\t\t\t\t>5th July, 2020 \n\t\t\t\t\t\t\t<\/h4><!--\n\n\t\t\t\t\t\t\t--><p\n\t\t\t\t\t\t\t\tid=\"slider-48-slide-48-layer-12\" \n\t\t\t\t\t\t\t\tclass=\"rs-layer\"\n\t\t\t\t\t\t\t\tdata-type=\"text\"\n\t\t\t\t\t\t\t\tdata-color=\"#000000\"\n\t\t\t\t\t\t\t\tdata-rsp_ch=\"on\"\n\t\t\t\t\t\t\t\tdata-xy=\"xo:1150px,1150px,1150px,24px;yo:1682px,1682px,1682px,949px;\"\n\t\t\t\t\t\t\t\tdata-text=\"w:normal;s:30,30,30,23;l:36,36,36,26;\"\n\t\t\t\t\t\t\t\tdata-dim=\"w:1176px,1176px,1176px,90%;\"\n\t\t\t\t\t\t\t\tdata-frame_999=\"o:0;st:w;\"\n\t\t\t\t\t\t\t\tstyle=\"z-index:19;font-family:'Roboto';\"\n\t\t\t\t\t\t\t>Did you know that 3 pairs of jeans in your wardrobe emit as much greenhouse gas as a full Boeing 737 flying for 1 hour? * <br \/>\n<br \/>\nFashion in itself is beautiful. It\u2019s a way of creatively expressing yourself, both for the designer and the person wearing the clothes... \n\t\t\t\t\t\t\t<\/p><!--\n\n\t\t\t\t\t\t\t--><a\n\t\t\t\t\t\t\t\tid=\"slider-48-slide-48-layer-13\" \n\t\t\t\t\t\t\t\tclass=\"rs-layer rev-btn\"\n\t\t\t\t\t\t\t\thref=\"https:\/\/the-otherside.eu\/eng\/sustainable-fashion\/\" target=\"_self\"\n\t\t\t\t\t\t\t\tdata-type=\"button\"\n\t\t\t\t\t\t\t\tdata-rsp_ch=\"on\"\n\t\t\t\t\t\t\t\tdata-xy=\"x:l,l,l,c;xo:1150px,1150px,1150px,0;yo:1894px,1894px,1894px,1217px;\"\n\t\t\t\t\t\t\t\tdata-text=\"w:normal;s:32,32,32,25;l:56,56,56,66;a:center;\"\n\t\t\t\t\t\t\t\tdata-dim=\"w:auto,auto,auto,430px;h:auto,auto,auto,68px;minh:0px,0px,0px,none;\"\n\t\t\t\t\t\t\t\tdata-padding=\"r:40,40,40,7;l:40,40,40,7;\"\n\t\t\t\t\t\t\t\tdata-border=\"bor:3px,3px,3px,3px;\"\n\t\t\t\t\t\t\t\tdata-frame_999=\"o:0;st:w;\"\n\t\t\t\t\t\t\t\tdata-frame_hover=\"bgc:#000;bor:3px,3px,3px,3px;sp:100;e:power1.inOut;bri:120%;\"\n\t\t\t\t\t\t\t\tstyle=\"z-index:23;background-color:#c1a6cb;font-family:'Roboto';\"\n\t\t\t\t\t\t\t>READ MORE \n\t\t\t\t\t\t\t<\/a><!--\n-->\t\t\t\t\t\t<\/rs-slide>\n\t\t\t\t\t<\/rs-slides>\n\t\t\t\t<\/rs-module>\n\t\t\t\t<script type=\"text\/javascript\">\n\t\t\t\t\tsetREVStartSize({c: 'rev_slider_48_1',rl:[1240,1240,1240,480],el:[2235,2235,2235,1342],gw:[2560,2560,2560,480],gh:[2235,2235,2235,1342],type:'standard',justify:'',layout:'fullwidth',mh:\"0\"});if (window.RS_MODULES!==undefined && window.RS_MODULES.modules!==undefined && window.RS_MODULES.modules[\"revslider481\"]!==undefined) {window.RS_MODULES.modules[\"revslider481\"].once = false;window.revapi48 = undefined;if (window.RS_MODULES.checkMinimal!==undefined) window.RS_MODULES.checkMinimal()}\n\t\t\t\t<\/script>\n\t\t\t<\/rs-module-wrap>\n\t\t\t<!-- END REVOLUTION SLIDER -->\n<\/div><\/div><\/div><\/div><\/div>","protected":false},"excerpt":{"rendered":"Blog STYLE BIEN-\u00caTRE ENVIRONNEMENT LIFESTYLE Plan\u00e8te, Mode Industrie de la mode 05 JUILLET 2020 Savais-tu que 3 paires de jeans dans ta garde-robe \u00e9mettent autant de gaz \u00e0 effet de serre qu\u2019un Boeing 737 complet volant pendant 1 heure ? * La mode en elle-m\u00eame est importante, c\u2019est une fa\u00e7on de s\u2019exprimer de fa\u00e7on cr\u00e9ative,&hellip;","protected":false},"author":5,"featured_media":0,"parent":0,"menu_order":0,"comment_status":"closed","ping_status":"closed","template":"","meta":{"_mi_skip_tracking":false,"footnotes":""},"class_list":["post-6106","page","type-page","status-publish","hentry"],"acf":[],"yoast_head":"<!-- This site is optimized with the Yoast SEO plugin v20.6 - https:\/\/yoast.com\/wordpress\/plugins\/seo\/ -->\n<title>Lifestyle - The Other Side<\/title>\n<meta name=\"robots\" content=\"index, follow, max-snippet:-1, max-image-preview:large, max-video-preview:-1\" \/>\n<link rel=\"canonical\" href=\"https:\/\/the-otherside.eu\/eng\/lifestyle\/\" \/>\n<meta property=\"og:locale\" content=\"en_GB\" \/>\n<meta property=\"og:type\" content=\"article\" \/>\n<meta property=\"og:title\" content=\"Lifestyle - The Other Side\" \/>\n<meta property=\"og:url\" content=\"https:\/\/the-otherside.eu\/eng\/lifestyle\/\" \/>\n<meta property=\"og:site_name\" content=\"The Other Side\" \/>\n<meta property=\"article:modified_time\" content=\"2021-10-27T13:38:28+00:00\" \/>\n<meta name=\"twitter:card\" content=\"summary_large_image\" \/>\n<meta name=\"twitter:label1\" content=\"Estimated reading time\" \/>\n\t<meta name=\"twitter:data1\" content=\"1 minute\" \/>\n<script type=\"application\/ld+json\" class=\"yoast-schema-graph\">{\"@context\":\"https:\/\/schema.org\",\"@graph\":[{\"@type\":\"WebPage\",\"@id\":\"https:\/\/the-otherside.eu\/lifestyle\/\",\"url\":\"https:\/\/the-otherside.eu\/lifestyle\/\",\"name\":\"Lifestyle - The Other Side\",\"isPartOf\":{\"@id\":\"https:\/\/the-otherside.eu\/#website\"},\"datePublished\":\"2021-10-27T13:13:44+00:00\",\"dateModified\":\"2021-10-27T13:38:28+00:00\",\"breadcrumb\":{\"@id\":\"https:\/\/the-otherside.eu\/lifestyle\/#breadcrumb\"},\"inLanguage\":\"en-GB\",\"potentialAction\":[{\"@type\":\"ReadAction\",\"target\":[\"https:\/\/the-otherside.eu\/lifestyle\/\"]}]},{\"@type\":\"BreadcrumbList\",\"@id\":\"https:\/\/the-otherside.eu\/lifestyle\/#breadcrumb\",\"itemListElement\":[{\"@type\":\"ListItem\",\"position\":1,\"name\":\"Accueil\",\"item\":\"https:\/\/the-otherside.eu\/\"},{\"@type\":\"ListItem\",\"position\":2,\"name\":\"Lifestyle\"}]},{\"@type\":\"WebSite\",\"@id\":\"https:\/\/the-otherside.eu\/#website\",\"url\":\"https:\/\/the-otherside.eu\/\",\"name\":\"The Other Side\",\"description\":\"\",\"publisher\":{\"@id\":\"https:\/\/the-otherside.eu\/#organization\"},\"potentialAction\":[{\"@type\":\"SearchAction\",\"target\":{\"@type\":\"EntryPoint\",\"urlTemplate\":\"https:\/\/the-otherside.eu\/?s={search_term_string}\"},\"query-input\":\"required name=search_term_string\"}],\"inLanguage\":\"en-GB\"},{\"@type\":\"Organization\",\"@id\":\"https:\/\/the-otherside.eu\/#organization\",\"name\":\"The Other Side\",\"url\":\"https:\/\/the-otherside.eu\/\",\"logo\":{\"@type\":\"ImageObject\",\"inLanguage\":\"en-GB\",\"@id\":\"https:\/\/the-otherside.eu\/#\/schema\/logo\/image\/\",\"url\":\"https:\/\/the-otherside.eu\/wp-content\/uploads\/2020\/07\/THE-OTHER-SIDE_with-O-logo.png\",\"contentUrl\":\"https:\/\/the-otherside.eu\/wp-content\/uploads\/2020\/07\/THE-OTHER-SIDE_with-O-logo.png\",\"width\":1920,\"height\":561,\"caption\":\"The Other Side\"},\"image\":{\"@id\":\"https:\/\/the-otherside.eu\/#\/schema\/logo\/image\/\"}}]}<\/script>\n<!-- \/ Yoast SEO plugin. -->","yoast_head_json":{"title":"Lifestyle - The Other Side","robots":{"index":"index","follow":"follow","max-snippet":"max-snippet:-1","max-image-preview":"max-image-preview:large","max-video-preview":"max-video-preview:-1"},"canonical":"https:\/\/the-otherside.eu\/eng\/lifestyle\/","og_locale":"en_GB","og_type":"article","og_title":"Lifestyle - The Other Side","og_url":"https:\/\/the-otherside.eu\/eng\/lifestyle\/","og_site_name":"The Other Side","article_modified_time":"2021-10-27T13:38:28+00:00","twitter_card":"summary_large_image","twitter_misc":{"Estimated reading time":"1 minute"},"schema":{"@context":"https:\/\/schema.org","@graph":[{"@type":"WebPage","@id":"https:\/\/the-otherside.eu\/lifestyle\/","url":"https:\/\/the-otherside.eu\/lifestyle\/","name":"Lifestyle - The Other Side","isPartOf":{"@id":"https:\/\/the-otherside.eu\/#website"},"datePublished":"2021-10-27T13:13:44+00:00","dateModified":"2021-10-27T13:38:28+00:00","breadcrumb":{"@id":"https:\/\/the-otherside.eu\/lifestyle\/#breadcrumb"},"inLanguage":"en-GB","potentialAction":[{"@type":"ReadAction","target":["https:\/\/the-otherside.eu\/lifestyle\/"]}]},{"@type":"BreadcrumbList","@id":"https:\/\/the-otherside.eu\/lifestyle\/#breadcrumb","itemListElement":[{"@type":"ListItem","position":1,"name":"Accueil","item":"https:\/\/the-otherside.eu\/"},{"@type":"ListItem","position":2,"name":"Lifestyle"}]},{"@type":"WebSite","@id":"https:\/\/the-otherside.eu\/#website","url":"https:\/\/the-otherside.eu\/","name":"The Other Side","description":"","publisher":{"@id":"https:\/\/the-otherside.eu\/#organization"},"potentialAction":[{"@type":"SearchAction","target":{"@type":"EntryPoint","urlTemplate":"https:\/\/the-otherside.eu\/?s={search_term_string}"},"query-input":"required name=search_term_string"}],"inLanguage":"en-GB"},{"@type":"Organization","@id":"https:\/\/the-otherside.eu\/#organization","name":"The Other Side","url":"https:\/\/the-otherside.eu\/","logo":{"@type":"ImageObject","inLanguage":"en-GB","@id":"https:\/\/the-otherside.eu\/#\/schema\/logo\/image\/","url":"https:\/\/the-otherside.eu\/wp-content\/uploads\/2020\/07\/THE-OTHER-SIDE_with-O-logo.png","contentUrl":"https:\/\/the-otherside.eu\/wp-content\/uploads\/2020\/07\/THE-OTHER-SIDE_with-O-logo.png","width":1920,"height":561,"caption":"The Other Side"},"image":{"@id":"https:\/\/the-otherside.eu\/#\/schema\/logo\/image\/"}}]}},"_links":{"self":[{"href":"https:\/\/the-otherside.eu\/eng\/wp-json\/wp\/v2\/pages\/6106","targetHints":{"allow":["GET"]}}],"collection":[{"href":"https:\/\/the-otherside.eu\/eng\/wp-json\/wp\/v2\/pages"}],"about":[{"href":"https:\/\/the-otherside.eu\/eng\/wp-json\/wp\/v2\/types\/page"}],"author":[{"embeddable":true,"href":"https:\/\/the-otherside.eu\/eng\/wp-json\/wp\/v2\/users\/5"}],"replies":[{"embeddable":true,"href":"https:\/\/the-otherside.eu\/eng\/wp-json\/wp\/v2\/comments?post=6106"}],"version-history":[{"count":2,"href":"https:\/\/the-otherside.eu\/eng\/wp-json\/wp\/v2\/pages\/6106\/revisions"}],"predecessor-version":[{"id":6110,"href":"https:\/\/the-otherside.eu\/eng\/wp-json\/wp\/v2\/pages\/6106\/revisions\/6110"}],"wp:attachment":[{"href":"https:\/\/the-otherside.eu\/eng\/wp-json\/wp\/v2\/media?parent=6106"}],"curies":[{"name":"wp","href":"https:\/\/api.w.org\/{rel}","templated":true}]}}